{"id":2673,"date":"2022-07-05T14:21:12","date_gmt":"2022-07-05T14:21:12","guid":{"rendered":"https:\/\/temporary18372.duckdns.org\/wordpress_B\/?page_id=2673"},"modified":"2026-04-16T11:35:50","modified_gmt":"2026-04-16T09:35:50","slug":"impressum","status":"publish","type":"page","link":"https:\/\/limainvestimmobilien.de\/en\/impressum\/","title":{"rendered":"Legal notice"},"content":{"rendered":"<div data-elementor-type=\"wp-page\" data-elementor-id=\"2673\" class=\"elementor elementor-2673\">\n\t\t\t\t\t\t<section class=\"elementor-section elementor-top-section elementor-element elementor-element-145f774 elementor-section-boxed elementor-section-height-default elementor-section-height-default\" data-id=\"145f774\" data-element_type=\"section\" data-e-type=\"section\">\n\t\t\t\t\t\t<div class=\"elementor-container elementor-column-gap-default\">\n\t\t\t\t\t<div class=\"elementor-column elementor-col-100 elementor-top-column elementor-element elementor-element-476be40\" data-id=\"476be40\" data-element_type=\"column\" data-e-type=\"column\">\n\t\t\t<div class=\"elementor-widget-wrap elementor-element-populated\">\n\t\t\t\t\t\t<div class=\"elementor-element elementor-element-bde564c elementor-widget elementor-widget-html\" data-id=\"bde564c\" data-element_type=\"widget\" data-e-type=\"widget\" data-widget_type=\"html.default\">\n\t\t\t\t<div class=\"elementor-widget-container\">\n\t\t\t\t\t<!DOCTYPE html>\n<html lang=\"de\">\n<head>\n    <meta charset=\"UTF-8\">\n    <meta name=\"viewport\" content=\"width=device-width, initial-scale=1.0\">\n    <title>Impressum | Lima Invest Immobilien<\/title>\n    <style>\n        :root {\n            --primary-color: #1a2b3c;\n            --secondary-color: #c5a059;\n            --text-color: #333;\n            --bg-color: #f9f9f9;\n            --card-bg: #ffffff;\n            --border-color: #e0e0e0;\n        }\n\n        body {\n            font-family: 'Segoe UI', Roboto, Helvetica, Arial, sans-serif;\n            line-height: 1.6;\n            color: var(--text-color);\n            background-color: var(--bg-color);\n            margin: 0;\n            padding: 0;\n        }\n\n        .container {\n            max-width: 900px;\n            margin: 40px auto;\n            padding: 40px;\n            background-color: var(--card-bg);\n            box-shadow: 0 4px 20px rgba(0,0,0,0.08);\n            border-radius: 8px;\n        }\n\n        header {\n            border-bottom: 2px solid var(--secondary-color);\n            margin-bottom: 30px;\n            padding-bottom: 20px;\n            text-align: center;\n        }\n\n        .logo-placeholder {\n            font-weight: bold;\n            font-size: 24px;\n            color: var(--primary-color);\n            letter-spacing: 1px;\n            text-transform: uppercase;\n            margin-bottom: 10px;\n        }\n\n        .logo-placeholder span {\n            color: var(--secondary-color);\n        }\n\n        h1 {\n            font-size: 28px;\n            color: var(--primary-color);\n            margin: 0;\n        }\n\n        h2 {\n            font-size: 20px;\n            color: var(--primary-color);\n            border-left: 4px solid var(--secondary-color);\n            padding-left: 15px;\n            margin-top: 40px;\n            margin-bottom: 20px;\n        }\n\n        p {\n            margin-bottom: 15px;\n            text-align: justify;\n        }\n\n        .contact-info {\n            margin-bottom: 30px;\n        }\n\n        .contact-info p {\n            margin-bottom: 5px;\n            text-align: left;\n        }\n\n        .highlight-box {\n            background-color: #f0f4f8;\n            border-radius: 6px;\n            padding: 20px;\n            margin: 25px 0;\n            border-left: 4px solid var(--primary-color);\n            font-size: 0.95em;\n        }\n\n        footer {\n            margin-top: 50px;\n            text-align: center;\n            font-size: 14px;\n            color: #777;\n            border-top: 1px solid var(--border-color);\n            padding-top: 20px;\n        }\n\n        .print-btn {\n            display: inline-block;\n            background-color: var(--primary-color);\n            color: white;\n            padding: 10px 20px;\n            text-decoration: none;\n            border-radius: 4px;\n            margin-bottom: 20px;\n            font-size: 14px;\n            transition: background 0.3s;\n        }\n\n        .print-btn:hover {\n            background-color: #2c3e50;\n        }\n\n        a {\n            color: var(--secondary-color);\n            text-decoration: none;\n        }\n\n        a:hover {\n            text-decoration: underline;\n        }\n\n        \/* Druck-Optimierung *\/\n        @media print {\n            header, footer, .print-btn {\n                display: none !important;\n            }\n            \n            .container {\n                box-shadow: none;\n                margin: 0;\n                padding: 0;\n                width: 100%;\n                max-width: none;\n            }\n\n            h2 {\n                page-break-before: always;\n                margin-top: 0;\n            }\n            h2:first-of-type {\n                page-break-before: auto;\n            }\n            \n            section {\n                page-break-inside: avoid;\n            }\n        }\n\n        @media (max-width: 600px) {\n            .container {\n                margin: 10px;\n                padding: 20px;\n            }\n        }\n    <\/style>\n<\/head>\n<body>\n\n<div class=\"container\">\n    <header>\n        <div class=\"logo-placeholder\">Lima <span>Invest<\/span> Properties<\/div>\n        <h1>Legal notice<\/h1>\n    <\/header>\n\n    <a href=\"javascript:window.print()\" class=\"print-btn\">Als PDF drucken<\/a>\n\n    <section>\n        <h2>Angaben gem\u00e4\u00df \u00a7 5 TMG<\/h2>\n        <div class=\"contact-info\">\n            <p><strong>Lima Invest<\/strong><\/p>\n            <p>An der Alster 34<\/p>\n            <p>D-20099 Hamburg<\/p>\n            <p>E-Mail: <a href=\"mailto:info@limaimmobilien.com\">info@limaimmobilien.com<\/a><\/p>\n        <\/div>\n\n        <p><strong>Gesch\u00e4ftsinhaber:<\/strong> Pablo Lima<\/p>\n        \n        <p>\n            <strong>Registergericht:<\/strong> Amtsgericht Hamburg<br>\n            <strong>Steuernummer:<\/strong> 46\/165\/06396<br>\n            <strong>Identifikationsnummer:<\/strong> 47 928 035 361\n        <\/p>\n    <\/section>\n\n    <section>\n        <h2>Zust\u00e4ndige Aufsichtsbeh\u00f6rde<\/h2>\n        <p>\n            Bezirksamt Hamburg-Mitte \u2013 Wirtschafts- und Ordnungsamt<br>\n            Caffamacherreihe 1-3, 20355 Hamburg\n        <\/p>\n        <p>\n            Gewerbeerlaubnis gem. \u00a734c GewO durch das Bezirksamt Hamburg-Mitte, Wirtschafts- und Ordnungsamt, erteilt und bei der zust\u00e4ndigen Beh\u00f6rde der Stadt Hamburg angemeldet.\n        <\/p>\n    <\/section>\n\n    <section>\n        <h2>Streitschlichtung<\/h2>\n        <p>Verbraucherinformationen zur alternativen Streitschlichtung (Art 14 (1) ODR-VO und \u00a7 36 VSBG):<\/p>\n        <p>Die Internetplattform der Europ\u00e4ischen Union zur Online-Streitbeilegung (sog. \u201eOS-Plattform\u201c) f\u00fcr Verbraucher ist unter dem folgendem Link erreichbar:<\/p>\n        <p><a href=\"http:\/\/ec.europa.eu\/consumers\/odr\" target=\"_blank\" rel=\"noopener\">http:\/\/ec.europa.eu\/consumers\/odr<\/a><\/p>\n        <p>Au\u00dfergerichtliche Online-Streitschlichtungsstelle f\u00fcr Verbraucher: Gem\u00e4\u00df der EU-Verordnung Nr. 524\/2013 (siehe \u00a7 14 Abs. 1 ODR-VO) entwickelt und betreibt die EU-Kommission eine Internetseite zur Online-Streitbeilegung (OS-Plattform).<\/p>\n    <\/section>\n\n    <section>\n        <h2>Rechtliche Hinweise & Haftungsausschluss<\/h2>\n        <div class=\"highlight-box\">\n            <p>Alle Angebote auf dieser Website sind freibleibend und unverbindlich. Fehler, Irrtum und Zwischenverkauf und -vermietung bleiben vorbehalten. Jederzeit ist eine \u00c4nderung m\u00f6glich. F\u00fcr die Richtigkeit und Vollst\u00e4ndigkeit wird keine Haftung \u00fcbernommen.<\/p>\n            <p>Die auf dieser Website enthaltenen Skizzen, Pl\u00e4ne und Visualisierungen sind unverbindlich und nicht ma\u00dfstabsgetreu. Ma\u00dfungenauigkeiten und Abweichungen vom angegebenen Fl\u00e4chenma\u00df durch Vormauerungen, Rohrverkleidungen oder aus konstruktiven, technischen oder beh\u00f6rdlichen\/baurechtlichen Gr\u00fcnden etc. sind m\u00f6glich und bleiben vorbehalten.<\/p>\n            <p>Eingezeichnete M\u00f6bel, Pflanzen und Fl\u00e4chenstrukturen sind \u2013 sofern nicht ausdr\u00fccklich in der Baubeschreibung erw\u00e4hnt \u2013 Vorstellungshilfen des Architekten und nicht im Kaufpreis enthalten. Ebenso k\u00f6nnen weitere kostenpflichtige Sonderausstattungen abgebildet sein, die nicht im Kaufpreis enthalten sind.<\/p>\n            <p>Ma\u00dfgeblich f\u00fcr den Erwerb der Immobilie sind nicht die Angaben auf der Website oder m\u00fcndliche Angaben von Dritten, sondern ausschlie\u00dflich der notarielle Kaufvertrag mit den beurkundeten Anlagen. Es gelten unsere allgemeinen Gesch\u00e4ftsbedingungen.<\/p>\n        <\/div>\n        <p>Wir weisen ausdr\u00fccklich darauf hin, dass alle Inhalte ausschlie\u00dflich zu Informationszwecken bestimmt sind. G\u00fcltigkeit haben in diesem Zusammenhang nur ausdr\u00fccklich pers\u00f6nlich und schriftlich kommunizierte Informationen des Betreibers. Individualisierte Angebote haben ausschlie\u00dflich in schriftlicher, pers\u00f6nlich adressierter Form G\u00fcltigkeit.<\/p>\n        <p>Lima Invest Immobilien \u00fcbernimmt keinerlei Gew\u00e4hr f\u00fcr die Aktualit\u00e4t, Korrektheit, Vollst\u00e4ndigkeit oder Qualit\u00e4t der bereitgestellten Informationen. Haftungsanspr\u00fcche gegen Lima Invest Immobilien, welche sich auf Sch\u00e4den materieller oder ideeller Art beziehen, die durch die Nutzung oder Nichtnutzung der dargebotenen Informationen bzw. durch die Nutzung fehlerhafter und unvollst\u00e4ndiger Informationen verursacht wurden, sind grunds\u00e4tzlich ausgeschlossen, sofern seitens Lima Invest Immobilien kein nachweislich vors\u00e4tzliches oder grob fahrl\u00e4ssiges Verschulden vorliegt.<\/p>\n    <\/section>\n\n    <footer>\n        &copy; 2026 Lima Invest Immobilien | Alle Rechte vorbehalten.\n    <\/footer>\n<\/div>\n\n<\/body>\n<\/html>\t\t\t\t<\/div>\n\t\t\t\t<\/div>\n\t\t\t\t\t<\/div>\n\t\t<\/div>\n\t\t\t\t\t<\/div>\n\t\t<\/section>\n\t\t\t\t<\/div>","protected":false},"excerpt":{"rendered":"<p>Impressum | Lima Invest Immobilien Lima Invest Immobilien Impressum Als PDF drucken Angaben gem\u00e4\u00df \u00a7 5 TMG Lima Invest An der Alster 34 D-20099 Hamburg E-Mail: info@limaimmobilien.com Gesch\u00e4ftsinhaber: Pablo Lima Registergericht: Amtsgericht Hamburg Steuernummer: 46\/165\/06396 Identifikationsnummer: 47 928 035 361 Zust\u00e4ndige Aufsichtsbeh\u00f6rde Bezirksamt Hamburg-Mitte \u2013 Wirtschafts- und Ordnungsamt Caffamacherreihe 1-3, 20355 Hamburg Gewerbeerlaubnis gem. \u00a734c&#8230;<\/p>","protected":false},"author":3,"featured_media":0,"parent":0,"menu_order":0,"comment_status":"closed","ping_status":"closed","template":"elementor_header_footer","meta":{"om_disable_all_campaigns":false,"_monsterinsights_skip_tracking":false,"_monsterinsights_sitenote_active":false,"_monsterinsights_sitenote_note":"","_monsterinsights_sitenote_category":0,"_kad_post_transparent":"","_kad_post_title":"hide","_kad_post_layout":"fullwidth","_kad_post_sidebar_id":"","_kad_post_content_style":"unboxed","_kad_post_vertical_padding":"hide","_kad_post_feature":"hide","_kad_post_feature_position":"","_kad_post_header":false,"_kad_post_footer":false,"_kad_post_classname":"","footnotes":""},"class_list":["post-2673","page","type-page","status-publish","hentry"],"yoast_head":"<!-- This site is optimized with the Yoast SEO plugin v27.4 - https:\/\/yoast.com\/product\/yoast-seo-wordpress\/ -->\n<title>Impressum - Lima Invest Immobilien<\/title>\n<meta name=\"robots\" content=\"index, follow, max-snippet:-1, max-image-preview:large, max-video-preview:-1\" \/>\n<link rel=\"canonical\" href=\"https:\/\/limainvestimmobilien.de\/en\/impressum\/\" \/>\n<meta property=\"og:locale\" content=\"en_US\" \/>\n<meta property=\"og:type\" content=\"article\" \/>\n<meta property=\"og:title\" content=\"Impressum - Lima Invest Immobilien\" \/>\n<meta property=\"og:description\" content=\"Impressum | Lima Invest Immobilien Lima Invest Immobilien Impressum Als PDF drucken Angaben gem\u00e4\u00df \u00a7 5 TMG Lima Invest An der Alster 34 D-20099 Hamburg E-Mail: info@limaimmobilien.com Gesch\u00e4ftsinhaber: Pablo Lima Registergericht: Amtsgericht Hamburg Steuernummer: 46\/165\/06396 Identifikationsnummer: 47 928 035 361 Zust\u00e4ndige Aufsichtsbeh\u00f6rde Bezirksamt Hamburg-Mitte \u2013 Wirtschafts- und Ordnungsamt Caffamacherreihe 1-3, 20355 Hamburg Gewerbeerlaubnis gem. \u00a734c...\" \/>\n<meta property=\"og:url\" content=\"https:\/\/limainvestimmobilien.de\/en\/impressum\/\" \/>\n<meta property=\"og:site_name\" content=\"Lima Invest Immobilien\" \/>\n<meta property=\"article:modified_time\" content=\"2026-04-16T09:35:50+00:00\" \/>\n<meta name=\"twitter:card\" content=\"summary_large_image\" \/>\n<meta name=\"twitter:label1\" content=\"Est. reading time\" \/>\n\t<meta name=\"twitter:data1\" content=\"3 minutes\" \/>\n<script type=\"application\/ld+json\" class=\"yoast-schema-graph\">{\"@context\":\"https:\\\/\\\/schema.org\",\"@graph\":[{\"@type\":\"WebPage\",\"@id\":\"https:\\\/\\\/limainvestimmobilien.de\\\/impressum\\\/\",\"url\":\"https:\\\/\\\/limainvestimmobilien.de\\\/impressum\\\/\",\"name\":\"Impressum - Lima Invest Immobilien\",\"isPartOf\":{\"@id\":\"https:\\\/\\\/limainvestimmobilien.de\\\/#website\"},\"datePublished\":\"2022-07-05T14:21:12+00:00\",\"dateModified\":\"2026-04-16T09:35:50+00:00\",\"breadcrumb\":{\"@id\":\"https:\\\/\\\/limainvestimmobilien.de\\\/impressum\\\/#breadcrumb\"},\"inLanguage\":\"en-US\",\"potentialAction\":[{\"@type\":\"ReadAction\",\"target\":[\"https:\\\/\\\/limainvestimmobilien.de\\\/impressum\\\/\"]}]},{\"@type\":\"BreadcrumbList\",\"@id\":\"https:\\\/\\\/limainvestimmobilien.de\\\/impressum\\\/#breadcrumb\",\"itemListElement\":[{\"@type\":\"ListItem\",\"position\":1,\"name\":\"Start\",\"item\":\"https:\\\/\\\/limainvestimmobilien.de\\\/\"},{\"@type\":\"ListItem\",\"position\":2,\"name\":\"Impressum\"}]},{\"@type\":\"WebSite\",\"@id\":\"https:\\\/\\\/limainvestimmobilien.de\\\/#website\",\"url\":\"https:\\\/\\\/limainvestimmobilien.de\\\/\",\"name\":\"Lima Invest Immobilien\",\"description\":\"Investmentimmobilien Deutschland | Lima Invest Immobilien\",\"publisher\":{\"@id\":\"https:\\\/\\\/limainvestimmobilien.de\\\/#organization\"},\"potentialAction\":[{\"@type\":\"SearchAction\",\"target\":{\"@type\":\"EntryPoint\",\"urlTemplate\":\"https:\\\/\\\/limainvestimmobilien.de\\\/?s={search_term_string}\"},\"query-input\":{\"@type\":\"PropertyValueSpecification\",\"valueRequired\":true,\"valueName\":\"search_term_string\"}}],\"inLanguage\":\"en-US\"},{\"@type\":\"Organization\",\"@id\":\"https:\\\/\\\/limainvestimmobilien.de\\\/#organization\",\"name\":\"Lima Invest Immobilien\",\"url\":\"https:\\\/\\\/limainvestimmobilien.de\\\/\",\"logo\":{\"@type\":\"ImageObject\",\"inLanguage\":\"en-US\",\"@id\":\"https:\\\/\\\/limainvestimmobilien.de\\\/#\\\/schema\\\/logo\\\/image\\\/\",\"url\":\"https:\\\/\\\/limainvestimmobilien.de\\\/wp-content\\\/uploads\\\/2022\\\/07\\\/Bildschirmfoto-2023-11-28-um-08.13.10-Kopie.png\",\"contentUrl\":\"https:\\\/\\\/limainvestimmobilien.de\\\/wp-content\\\/uploads\\\/2022\\\/07\\\/Bildschirmfoto-2023-11-28-um-08.13.10-Kopie.png\",\"width\":602,\"height\":476,\"caption\":\"Lima Invest Immobilien\"},\"image\":{\"@id\":\"https:\\\/\\\/limainvestimmobilien.de\\\/#\\\/schema\\\/logo\\\/image\\\/\"}}]}<\/script>\n<!-- \/ Yoast SEO plugin. -->","yoast_head_json":{"title":"Impressum - Lima Invest Immobilien","robots":{"index":"index","follow":"follow","max-snippet":"max-snippet:-1","max-image-preview":"max-image-preview:large","max-video-preview":"max-video-preview:-1"},"canonical":"https:\/\/limainvestimmobilien.de\/en\/impressum\/","og_locale":"en_US","og_type":"article","og_title":"Impressum - Lima Invest Immobilien","og_description":"Impressum | Lima Invest Immobilien Lima Invest Immobilien Impressum Als PDF drucken Angaben gem\u00e4\u00df \u00a7 5 TMG Lima Invest An der Alster 34 D-20099 Hamburg E-Mail: info@limaimmobilien.com Gesch\u00e4ftsinhaber: Pablo Lima Registergericht: Amtsgericht Hamburg Steuernummer: 46\/165\/06396 Identifikationsnummer: 47 928 035 361 Zust\u00e4ndige Aufsichtsbeh\u00f6rde Bezirksamt Hamburg-Mitte \u2013 Wirtschafts- und Ordnungsamt Caffamacherreihe 1-3, 20355 Hamburg Gewerbeerlaubnis gem. \u00a734c...","og_url":"https:\/\/limainvestimmobilien.de\/en\/impressum\/","og_site_name":"Lima Invest Immobilien","article_modified_time":"2026-04-16T09:35:50+00:00","twitter_card":"summary_large_image","twitter_misc":{"Est. reading time":"3 minutes"},"schema":{"@context":"https:\/\/schema.org","@graph":[{"@type":"WebPage","@id":"https:\/\/limainvestimmobilien.de\/impressum\/","url":"https:\/\/limainvestimmobilien.de\/impressum\/","name":"Impressum - Lima Invest Immobilien","isPartOf":{"@id":"https:\/\/limainvestimmobilien.de\/#website"},"datePublished":"2022-07-05T14:21:12+00:00","dateModified":"2026-04-16T09:35:50+00:00","breadcrumb":{"@id":"https:\/\/limainvestimmobilien.de\/impressum\/#breadcrumb"},"inLanguage":"en-US","potentialAction":[{"@type":"ReadAction","target":["https:\/\/limainvestimmobilien.de\/impressum\/"]}]},{"@type":"BreadcrumbList","@id":"https:\/\/limainvestimmobilien.de\/impressum\/#breadcrumb","itemListElement":[{"@type":"ListItem","position":1,"name":"Start","item":"https:\/\/limainvestimmobilien.de\/"},{"@type":"ListItem","position":2,"name":"Impressum"}]},{"@type":"WebSite","@id":"https:\/\/limainvestimmobilien.de\/#website","url":"https:\/\/limainvestimmobilien.de\/","name":"Lima Invest Immobilien","description":"Investmentimmobilien Deutschland | Lima Invest Immobilien","publisher":{"@id":"https:\/\/limainvestimmobilien.de\/#organization"},"potentialAction":[{"@type":"SearchAction","target":{"@type":"EntryPoint","urlTemplate":"https:\/\/limainvestimmobilien.de\/?s={search_term_string}"},"query-input":{"@type":"PropertyValueSpecification","valueRequired":true,"valueName":"search_term_string"}}],"inLanguage":"en-US"},{"@type":"Organization","@id":"https:\/\/limainvestimmobilien.de\/#organization","name":"Lima Invest Immobilien","url":"https:\/\/limainvestimmobilien.de\/","logo":{"@type":"ImageObject","inLanguage":"en-US","@id":"https:\/\/limainvestimmobilien.de\/#\/schema\/logo\/image\/","url":"https:\/\/limainvestimmobilien.de\/wp-content\/uploads\/2022\/07\/Bildschirmfoto-2023-11-28-um-08.13.10-Kopie.png","contentUrl":"https:\/\/limainvestimmobilien.de\/wp-content\/uploads\/2022\/07\/Bildschirmfoto-2023-11-28-um-08.13.10-Kopie.png","width":602,"height":476,"caption":"Lima Invest Immobilien"},"image":{"@id":"https:\/\/limainvestimmobilien.de\/#\/schema\/logo\/image\/"}}]}},"jetpack_sharing_enabled":true,"_links":{"self":[{"href":"https:\/\/limainvestimmobilien.de\/en\/wp-json\/wp\/v2\/pages\/2673","targetHints":{"allow":["GET"]}}],"collection":[{"href":"https:\/\/limainvestimmobilien.de\/en\/wp-json\/wp\/v2\/pages"}],"about":[{"href":"https:\/\/limainvestimmobilien.de\/en\/wp-json\/wp\/v2\/types\/page"}],"author":[{"embeddable":true,"href":"https:\/\/limainvestimmobilien.de\/en\/wp-json\/wp\/v2\/users\/3"}],"replies":[{"embeddable":true,"href":"https:\/\/limainvestimmobilien.de\/en\/wp-json\/wp\/v2\/comments?post=2673"}],"version-history":[{"count":10,"href":"https:\/\/limainvestimmobilien.de\/en\/wp-json\/wp\/v2\/pages\/2673\/revisions"}],"predecessor-version":[{"id":23044,"href":"https:\/\/limainvestimmobilien.de\/en\/wp-json\/wp\/v2\/pages\/2673\/revisions\/23044"}],"wp:attachment":[{"href":"https:\/\/limainvestimmobilien.de\/en\/wp-json\/wp\/v2\/media?parent=2673"}],"curies":[{"name":"wp","href":"https:\/\/api.w.org\/{rel}","templated":true}]}}